{"id":6001,"date":"2020-06-28T09:50:57","date_gmt":"2020-06-28T09:50:57","guid":{"rendered":"http:\/\/gustavo.pizano.sk\/?page_id=6001"},"modified":"2022-04-02T07:29:09","modified_gmt":"2022-04-02T07:29:09","slug":"contact-me","status":"publish","type":"page","link":"https:\/\/gustavo.pizano.sk\/sk\/contact-me\/","title":{"rendered":"Kontakt"},"content":{"rendered":"<div  class=\"one withsmallpadding ppb_header\" style=\"text-align:left;padding:30px 0 30px 0;\" >\n<div class=\"standard_wrapper\">\n<div class=\"page_content_wrapper\">\n<div class=\"inner\">\n<div style=\"margin:auto;width:100%\">\n<h2 class=\"ppb_title\" style=\"\">Te\u0161\u00edm sa na spolupr\u00e1cu<\/h2>\n<\/div>\n<\/div>\n<\/div>\n<\/div>\n<\/div>\n<div class=\"standard_wrapper\">\n<div  class=\"one withsmallpadding\" style=\"padding:px 0 px 0;\" >\n<div class=\"page_content_wrapper\">\n<div class=\"inner\">\n<div class=\"inner_wrapper\">\n<div class=\"sidebar_content left_sidebar\">\n<h2 class=\"ppb_title\">Kontaktn\u00fd formul\u00e1r<\/h2>\n<div class=\"page_header_sep left\"><\/div>\n<div id=\"reponse_msg_16488845491209489454\" class=\"contact_form_response\">\n<ul><\/ul>\n<\/div>\n<form id=\"contact_form_16488845491209489454\" class=\"contact_form_wrapper\" method=\"post\" action=\"\/wp-admin\/admin-ajax.php\" data-trp-original-action=\"\/wp-admin\/admin-ajax.php\"><label for=\"your_name\">Name *<\/label><br \/>\n    \t\t\t\t<input id=\"your_name\" name=\"your_name\" type=\"text\" class=\"required_field\" placeholder=\"Name *\"\/><br \/>\n    \t\t\t\t<label for=\"email\">Email *<\/label><br \/>\n    \t\t\t\t<input id=\"email\" name=\"email\" type=\"text\" class=\"required_field email\" placeholder=\"Email *\"\/><br \/>\n    \t\t\t\t<label for=\"message\">Message *<\/label><br \/>\n    \t\t\t\t<textarea id=\"message\" name=\"message\" rows=\"7\" cols=\"10\" class=\"required_field\" style=\"width:95.5%;\" placeholder=\"Message *\"><\/textarea><\/p>\n<div id=\"captcha-wrap\">\n<div class=\"captcha-box\">\n    \t\t\t<img decoding=\"async\" src=\"http:\/\/gustavo.pizano.sk\/wp-admin\/admin-ajax.php?action=photography_script_get_captcha\" alt=\"\" id=\"captcha\" \/>\n    \t\t<\/div>\n<div class=\"text-box\">\n    \t\t\t<label>Type the two words:<\/label><br \/>\n    \t\t\t<input name=\"captcha-code\" type=\"text\" id=\"captcha-code\">\n    \t\t<\/div>\n<div class=\"captcha-action\">\n    \t\t\t<img decoding=\"async\" src=\"http:\/\/gustavo.pizano.sk\/wp-content\/themes\/photography\/images\/refresh.jpg\"  alt=\"\" id=\"captcha-refresh\" \/>\n    \t\t<\/div>\n<\/p><\/div>\n<p>    \t<br class=\"clear\"\/><\/p>\n<p><input id=\"gdpr\" name=\"gdpr\" type=\"checkbox\" class=\"required_field gdpr\" value=\"\"\/><br \/>\n    <label for=\"gdpr\" class=\"gdpr_label\">I consent to Gustavo Pizano collecting my details through this form.<\/label><\/p>\n<div class=\"contact_submit_wrapper\">\n    \t<input id=\"contact_submit_btn16488845491209489454\" name=\"contact_submit_btn16488845491209489454\" type=\"submit\" class=\"solidbg\" value=\"Send\"\/>\n    <\/div>\n<input type=\"hidden\" name=\"trp-form-language\" value=\"sk\"\/><\/form>\n<\/div>\n<div class=\"sidebar_wrapper left_sidebar\">\n<div class=\"sidebar\">\n<div class=\"content\">\n<ul class=\"sidebar_widget\"><\/ul>\n<\/div>\n<\/div>\n<\/div>\n<\/div>\n<\/div>\n<\/div>\n<\/div>\n<\/div>\n<div class=\"standard_wrapper\">\n<div  class=\"one withsmallpadding\" style=\"padding:px 0 px 0;\" >\n<div class=\"page_content_wrapper\">\n<div class=\"inner\">\n<div class=\"inner_wrapper\">\n<div class=\"sidebar_content left_sidebar\">\n<h2 class=\"ppb_title\">Kontaktn\u00fd formul\u00e1r<\/h2>\n<div class=\"page_header_sep left\"><\/div>\n<div id=\"reponse_msg_1648884549865463498\" class=\"contact_form_response\">\n<ul><\/ul>\n<\/div>\n<form id=\"contact_form_1648884549865463498\" class=\"contact_form_wrapper\" method=\"post\" action=\"\/wp-admin\/admin-ajax.php\" data-trp-original-action=\"\/wp-admin\/admin-ajax.php\"><label for=\"your_name\">Name *<\/label><br \/>\n    \t\t\t\t<input id=\"your_name\" name=\"your_name\" type=\"text\" class=\"required_field\" placeholder=\"Name *\"\/><br \/>\n    \t\t\t\t<label for=\"email\">Email *<\/label><br \/>\n    \t\t\t\t<input id=\"email\" name=\"email\" type=\"text\" class=\"required_field email\" placeholder=\"Email *\"\/><br \/>\n    \t\t\t\t<label for=\"message\">Message *<\/label><br \/>\n    \t\t\t\t<textarea id=\"message\" name=\"message\" rows=\"7\" cols=\"10\" class=\"required_field\" style=\"width:95.5%;\" placeholder=\"Message *\"><\/textarea><\/p>\n<div id=\"captcha-wrap\">\n<div class=\"captcha-box\">\n    \t\t\t<img decoding=\"async\" src=\"http:\/\/gustavo.pizano.sk\/wp-admin\/admin-ajax.php?action=photography_script_get_captcha\" alt=\"\" id=\"captcha\" \/>\n    \t\t<\/div>\n<div class=\"text-box\">\n    \t\t\t<label>Type the two words:<\/label><br \/>\n    \t\t\t<input name=\"captcha-code\" type=\"text\" id=\"captcha-code\">\n    \t\t<\/div>\n<div class=\"captcha-action\">\n    \t\t\t<img decoding=\"async\" src=\"http:\/\/gustavo.pizano.sk\/wp-content\/themes\/photography\/images\/refresh.jpg\"  alt=\"\" id=\"captcha-refresh\" \/>\n    \t\t<\/div>\n<\/p><\/div>\n<p>    \t<br class=\"clear\"\/><\/p>\n<p><input id=\"gdpr\" name=\"gdpr\" type=\"checkbox\" class=\"required_field gdpr\" value=\"\"\/><br \/>\n    <label for=\"gdpr\" class=\"gdpr_label\">I consent to Gustavo Pizano collecting my details through this form.<\/label><\/p>\n<div class=\"contact_submit_wrapper\">\n    \t<input id=\"contact_submit_btn1648884549865463498\" name=\"contact_submit_btn1648884549865463498\" type=\"submit\" class=\"solidbg\" value=\"Send\"\/>\n    <\/div>\n<input type=\"hidden\" name=\"trp-form-language\" value=\"sk\"\/><\/form>\n<\/div>\n<div class=\"sidebar_wrapper left_sidebar\">\n<div class=\"sidebar\">\n<div class=\"content\">\n<ul class=\"sidebar_widget\"><\/ul>\n<\/div>\n<\/div>\n<\/div>\n<\/div>\n<\/div>\n<\/div>\n<\/div>\n<\/div>\n<div  class=\"one withsmallpadding ppb_text\" style=\"padding:30px 0 30px 0;\" >\n<div class=\"standard_wrapper\">\n<div class=\"page_content_wrapper\">\n<div class=\"inner\">\n<div style=\"margin:auto;width:100%\">\n<pre><span style=\"color: #808080; font-size:xx-small\"><em>Foto: Miroslava Bala\u0161, moja dobr\u00e1 priate\u013eka.<\/em><\/span><\/pre>\n<\/div>\n<\/div>\n<\/div>\n<\/div>\n<\/div>","protected":false},"excerpt":{"rendered":"","protected":false},"author":1,"featured_media":0,"parent":0,"menu_order":0,"comment_status":"closed","ping_status":"closed","template":"","meta":{"footnotes":""},"class_list":["post-6001","page","type-page","status-publish","hentry"],"_links":{"self":[{"href":"https:\/\/gustavo.pizano.sk\/sk\/wp-json\/wp\/v2\/pages\/6001"}],"collection":[{"href":"https:\/\/gustavo.pizano.sk\/sk\/wp-json\/wp\/v2\/pages"}],"about":[{"href":"https:\/\/gustavo.pizano.sk\/sk\/wp-json\/wp\/v2\/types\/page"}],"author":[{"embeddable":true,"href":"https:\/\/gustavo.pizano.sk\/sk\/wp-json\/wp\/v2\/users\/1"}],"replies":[{"embeddable":true,"href":"https:\/\/gustavo.pizano.sk\/sk\/wp-json\/wp\/v2\/comments?post=6001"}],"version-history":[{"count":6,"href":"https:\/\/gustavo.pizano.sk\/sk\/wp-json\/wp\/v2\/pages\/6001\/revisions"}],"predecessor-version":[{"id":6062,"href":"https:\/\/gustavo.pizano.sk\/sk\/wp-json\/wp\/v2\/pages\/6001\/revisions\/6062"}],"wp:attachment":[{"href":"https:\/\/gustavo.pizano.sk\/sk\/wp-json\/wp\/v2\/media?parent=6001"}],"curies":[{"name":"wp","href":"https:\/\/api.w.org\/{rel}","templated":true}]}}