{"id":1550,"date":"2020-06-21T11:11:57","date_gmt":"2020-06-21T11:11:57","guid":{"rendered":"http:\/\/gustavo.pizano.sk\/?page_id=1550"},"modified":"2022-04-02T07:37:55","modified_gmt":"2022-04-02T07:37:55","slug":"pricing","status":"publish","type":"page","link":"https:\/\/gustavo.pizano.sk\/sk\/pricing\/","title":{"rendered":"Ceny"},"content":{"rendered":"<div class=\"one withsmallpadding ppb_header\" style=\"text-align:center;padding:30px 0 30px 0;\">\n<div class=\"standard_wrapper\">\n<div class=\"page_content_wrapper\">\n<div class=\"inner\">\n<div style=\"margin:auto;width:100%\">\n<h2 class=\"ppb_title\" style=\"\">Vyberte si z viacer\u00fdch mo\u017enost\u00ed<\/h2>\n<hr class=\"title_break center\" style=\"\">\n<div class=\"ppb_header_content\">\n<p>a z ka\u017edej mo\u017enosti z\u00edskate \u00fa\u017easn\u00e9 fotografie.<\/p>\n<\/div>\n<\/div>\n<\/div>\n<\/div>\n<\/div>\n<\/div>\n<div class=\"one withsmallpadding ppb_text\" style=\"padding:60px 0 60px 0;\">\n<div class=\"standard_wrapper\">\n<div class=\"page_content_wrapper\">\n<div class=\"inner\">\n<div style=\"margin:auto;width:100%\">\n<hr>\n<\/div>\n<\/div>\n<\/div>\n<\/div>\n<\/div>\n<div class=\"one ppb_pricing\" style=\"padding:25px 0 25px 0;\">\n<div class=\"standard_wrapper\">\n<div class=\"page_content_wrapper\">\n<div class=\"inner\">\n<div class=\"pricing_content_wrapper normal\">\n<div class=\"pricing one_fourth\">\n<div class=\"pricing_wrapper_border\">\n<ul class=\"pricing_wrapper\">\n<li class=\"title_row\" style=\"background:;\">Jednotlivec<\/li>\n<li class=\"price_row\"><strong>EUR<\/strong><em class=\"exact_price\" style=\"color:;\">180<\/em><em class=\"time\"><\/em><\/li>\n<li>1 hodina fotenia<\/li>\n<li>10 foto vo vysokom rozl\u00ed\u0161en\u00ed<\/li>\n<li>1 vytla\u010den\u00e1 fotografia (z vybran\u00fdch 10)<\/li>\n<li>Ka\u017ed\u00e1 \u010fal\u0161ia foto +10 EUR (digit\u00e1lna)<\/li>\n<li>Neposkytujem v\u0161etky nafoten\u00e9 fotografie<\/li>\n<li>**Listed price does not include VAT**<\/li>\n<li class=\"button_row\"><a href=\"\" class=\"button\" style=\"background:;border-color:;color:#fff;\">Kontaktujte ma<\/a><\/li>\n<\/ul>\n<\/div>\n<\/div>\n<div class=\"pricing one_fourth featured\">\n<div class=\"pricing_wrapper_border\">\n<ul class=\"pricing_wrapper\">\n<li class=\"title_row featured\" style=\"background:;\">P\u00e1r<\/li>\n<li class=\"price_row\"><strong>EUR<\/strong><em class=\"exact_price\" style=\"color:;\">230<\/em><em class=\"time\"><\/em><\/li>\n<li>1 hodina fotenia<\/li>\n<li>16 foto\nvo vysokom rozl\u00ed\u0161en\u00ed<\/li>\n<li>2 vytla\u010den\u00e9 fotografie (z vybran\u00fdch 16)<\/li>\n<li>Ka\u017ed\u00e1 \u010fal\u0161ia foto +7 EUR (digit\u00e1lna)<\/li>\n<li>Neposkytujem v\u0161etky nafoten\u00e9 fotografie<\/li>\n<li>**Listed price does not include VAT**<\/li>\n<li class=\"button_row featured\"><a href=\"\" class=\"button\" style=\"background:;border-color:;color:#fff;\">Kontaktujte ma<\/a><\/li>\n<\/ul>\n<\/div>\n<\/div>\n<div class=\"pricing one_fourth featured\">\n<div class=\"pricing_wrapper_border\">\n<ul class=\"pricing_wrapper\">\n<li class=\"title_row featured\" style=\"background:;\">RODINA<\/li>\n<li class=\"price_row\"><strong>EUR<\/strong><em class=\"exact_price\" style=\"color:;\">280<\/em><em class=\"time\"><\/em><\/li>\n<li>2 hodiny fotenia<\/li>\n<li>Ide\u00e1lne pre rodi\u010dom s de\u0165mi<\/li>\n<li>25 foto vo vysokom rozl\u00ed\u0161en\u00ed<\/li>\n<li>5 vytla\u010den\u00fdch fotografi\u00ed (z vybran\u00fdch 25)<\/li>\n<li>Ka\u017ed\u00e1 \u010fal\u0161ia foto +5 EUR (digit\u00e1lna)<\/li>\n<li>Neposkytujem v\u0161etky nafoten\u00e9 fotografie<\/li>\n<li>**Listed price does not include VAT**<\/li>\n<li class=\"button_row featured\"><a href=\"\" class=\"button\" style=\"background:;border-color:;color:#fff;\">Kontaktujte ma<\/a><\/li>\n<\/ul>\n<\/div>\n<\/div>\n<div class=\"pricing one_fourth  last\">\n<div class=\"pricing_wrapper_border\">\n<ul class=\"pricing_wrapper\">\n<li class=\"title_row\" style=\"background:;\">SKUPINA<\/li>\n<li class=\"price_row\"><strong>EUR<\/strong><em class=\"exact_price\" style=\"color:;\">700<\/em><em class=\"time\"><\/em><\/li>\n<li>3 hodiny fotenia<\/li>\n<li>Skupina do 8 \u013eud\u00ed<\/li>\n<li>24 Digital High res Images<\/li>\n<li>8 Fine Art printed Images (from the chosen 24)<\/li>\n<li>Ka\u017ed\u00e1 \u010fal\u0161ia foto +5 EUR (digit\u00e1lna)<\/li>\n<li>Neposkytujem v\u0161etky nafoten\u00e9 fotografie<\/li>\n<li>**Listed price does not include VAT**<\/li>\n<li class=\"button_row\"><a href=\"\" class=\"button\" style=\"background:;border-color:;color:#fff;\">Kontaktujte ma<\/a><\/li>\n<\/ul>\n<\/div>\n<\/div>\n<\/div>\n<\/div>\n<\/div>\n<\/div>\n<\/div>","protected":false},"excerpt":{"rendered":"","protected":false},"author":1,"featured_media":1447,"parent":0,"menu_order":0,"comment_status":"closed","ping_status":"closed","template":"","meta":{"footnotes":""},"class_list":["post-1550","page","type-page","status-publish","has-post-thumbnail","hentry"],"_links":{"self":[{"href":"https:\/\/gustavo.pizano.sk\/sk\/wp-json\/wp\/v2\/pages\/1550"}],"collection":[{"href":"https:\/\/gustavo.pizano.sk\/sk\/wp-json\/wp\/v2\/pages"}],"about":[{"href":"https:\/\/gustavo.pizano.sk\/sk\/wp-json\/wp\/v2\/types\/page"}],"author":[{"embeddable":true,"href":"https:\/\/gustavo.pizano.sk\/sk\/wp-json\/wp\/v2\/users\/1"}],"replies":[{"embeddable":true,"href":"https:\/\/gustavo.pizano.sk\/sk\/wp-json\/wp\/v2\/comments?post=1550"}],"version-history":[{"count":6,"href":"https:\/\/gustavo.pizano.sk\/sk\/wp-json\/wp\/v2\/pages\/1550\/revisions"}],"predecessor-version":[{"id":6065,"href":"https:\/\/gustavo.pizano.sk\/sk\/wp-json\/wp\/v2\/pages\/1550\/revisions\/6065"}],"wp:featuredmedia":[{"embeddable":true,"href":"https:\/\/gustavo.pizano.sk\/sk\/wp-json\/wp\/v2\/media\/1447"}],"wp:attachment":[{"href":"https:\/\/gustavo.pizano.sk\/sk\/wp-json\/wp\/v2\/media?parent=1550"}],"curies":[{"name":"wp","href":"https:\/\/api.w.org\/{rel}","templated":true}]}}